{"id":2332,"date":"2024-04-14T13:03:46","date_gmt":"2024-04-14T13:03:46","guid":{"rendered":"https:\/\/soundparc.walia-solutions.ch\/?page_id=2332"},"modified":"2024-04-14T13:05:20","modified_gmt":"2024-04-14T13:05:20","slug":"impressum","status":"publish","type":"page","link":"https:\/\/soundparc.walia-solutions.ch\/en\/impressum\/","title":{"rendered":"Impressum"},"content":{"rendered":"<div data-elementor-type=\"wp-page\" data-elementor-id=\"2332\" class=\"elementor elementor-2332\" data-elementor-post-type=\"page\">\n\t\t\t\t<div data-dce-background-image-url=\"https:\/\/soundparc.walia-solutions.ch\/wp-content\/uploads\/2024\/04\/R10-Houdini-3.jpg\" class=\"elementor-element elementor-element-d5cfde3 e-flex e-con-boxed e-con e-parent\" data-id=\"d5cfde3\" data-element_type=\"container\" data-settings=\"{&quot;background_background&quot;:&quot;classic&quot;}\">\n\t\t\t\t\t<div class=\"e-con-inner\">\n\t\t\t\t\t<\/div>\n\t\t\t\t<\/div>\n\t\t<div data-dce-background-color=\"#FFFFFF\" class=\"elementor-element elementor-element-5a0893a0 e-con-full e-flex e-con e-parent\" data-id=\"5a0893a0\" data-element_type=\"container\" data-settings=\"{&quot;background_background&quot;:&quot;classic&quot;}\">\n\t\t<div class=\"elementor-element elementor-element-37e55289 e-con-full e-flex e-con e-child\" data-id=\"37e55289\" data-element_type=\"container\">\n\t\t\t\t<div class=\"elementor-element elementor-element-0824cac elementor-widget elementor-widget-text-editor\" data-id=\"0824cac\" data-element_type=\"widget\" data-widget_type=\"text-editor.default\">\n\t\t\t\t<div class=\"elementor-widget-container\">\n\t\t\t<style>\/*! elementor - v3.21.0 - 15-04-2024 *\/\n.elementor-widget-text-editor.elementor-drop-cap-view-stacked .elementor-drop-cap{background-color:#69727d;color:#fff}.elementor-widget-text-editor.elementor-drop-cap-view-framed .elementor-drop-cap{color:#69727d;border:3px solid;background-color:transparent}.elementor-widget-text-editor:not(.elementor-drop-cap-view-default) .elementor-drop-cap{margin-top:8px}.elementor-widget-text-editor:not(.elementor-drop-cap-view-default) .elementor-drop-cap-letter{width:1em;height:1em}.elementor-widget-text-editor .elementor-drop-cap{float:left;text-align:center;line-height:1;font-size:50px}.elementor-widget-text-editor .elementor-drop-cap-letter{display:inline-block}<\/style>\t\t\t\t<p><strong>Anbieter<\/strong><\/p><p>Soundparc GmbH<br \/>Am Bahndamm 2<br \/>DE-97711 Rothhausen<\/p><p>Telefon: 0049 9724 9073 675<br \/>E-Mail: info@soundparc.com<\/p><p>Gesch\u00e4ftsf\u00fchrer: Markus Schinabeck<br \/>Registergericht Schweinfurt HRB 7360<br \/>St.Nr. 205\/137\/60095<br \/>Ust-Id Nr. DE307654987<\/p><p><br \/><strong>Copyright<\/strong><\/p><p>Die Bilder und Videos auf dieser Webseite und in den verlinkten Dokumenten sind urheberrechtlich gesch\u00fctzt und d\u00fcrfen in keiner Form als Ganzes oder auszugsweise durch Dritte verwendet werden.<\/p><p>Die Marke Soundparc\u00a9 ist ein eingetragenes Warenzeichen der Firma Audio-Cin\u00e9 AG, Schweiz. Alle weiteren Markenzeichen sind eingetragene Warenzeichen der jeweiligen Firmen oder nat\u00fcrlichen Personen.<\/p><p><br \/><strong>Disclaimer<\/strong><\/p><p>Die Inhalte dieser Website dienen zur reinen Information und sind rechtlich nicht bindend. Insbesondere dienen die Produktfotos zu informativen Zwecken und k\u00f6nnen vom tats\u00e4chlichen Produkt abweichen.<\/p><p>Es ist der Soundparc GmbH nicht m\u00f6glich, die Vollst\u00e4ndigkeit und Richtigkeit aller Inhalte und aller Links auf dieser Website zu garantieren. Die ver\u00f6ffentlichten Informationen sind urheberrechtlich gesch\u00fctzt. Deren private oder gewerbliche Nutzung ist nur mit schriftlicher Zustimmung der Soundparc GmbH und mit Quellenangabe gestattet.<\/p><p>The contents published on this website are intended for information purposes and are not legally binding, unless stated otherwise.<\/p>\t\t\t\t\t\t<\/div>\n\t\t\t\t<\/div>\n\t\t\t\t<\/div>\n\t\t\t\t<\/div>\n\t\t\t\t<\/div>","protected":false},"excerpt":{"rendered":"<p>Anbieter Soundparc GmbHAm Bahndamm 2DE-97711 Rothhausen Telefon: 0049 9724 9073 675E-Mail: info@soundparc.com Gesch\u00e4ftsf\u00fchrer: Markus SchinabeckRegistergericht Schweinfurt HRB 7360St.Nr. 205\/137\/60095Ust-Id Nr. DE307654987 Copyright Die Bilder und Videos auf dieser Webseite und in den verlinkten Dokumenten sind urheberrechtlich gesch\u00fctzt und d\u00fcrfen in keiner Form als Ganzes oder auszugsweise durch Dritte verwendet werden. Die Marke Soundparc\u00a9 ist ein [&hellip;]<\/p>","protected":false},"author":1,"featured_media":0,"parent":0,"menu_order":0,"comment_status":"closed","ping_status":"closed","template":"elementor_header_footer","meta":{"_acf_changed":false,"footnotes":""},"class_list":["post-2332","page","type-page","status-publish","hentry"],"acf":[],"_links":{"self":[{"href":"https:\/\/soundparc.walia-solutions.ch\/en\/wp-json\/wp\/v2\/pages\/2332","targetHints":{"allow":["GET"]}}],"collection":[{"href":"https:\/\/soundparc.walia-solutions.ch\/en\/wp-json\/wp\/v2\/pages"}],"about":[{"href":"https:\/\/soundparc.walia-solutions.ch\/en\/wp-json\/wp\/v2\/types\/page"}],"author":[{"embeddable":true,"href":"https:\/\/soundparc.walia-solutions.ch\/en\/wp-json\/wp\/v2\/users\/1"}],"replies":[{"embeddable":true,"href":"https:\/\/soundparc.walia-solutions.ch\/en\/wp-json\/wp\/v2\/comments?post=2332"}],"version-history":[{"count":7,"href":"https:\/\/soundparc.walia-solutions.ch\/en\/wp-json\/wp\/v2\/pages\/2332\/revisions"}],"predecessor-version":[{"id":2341,"href":"https:\/\/soundparc.walia-solutions.ch\/en\/wp-json\/wp\/v2\/pages\/2332\/revisions\/2341"}],"wp:attachment":[{"href":"https:\/\/soundparc.walia-solutions.ch\/en\/wp-json\/wp\/v2\/media?parent=2332"}],"curies":[{"name":"wp","href":"https:\/\/api.w.org\/{rel}","templated":true}]}}